{"id":4940,"date":"2018-10-17T15:53:31","date_gmt":"2018-10-17T15:53:31","guid":{"rendered":"https:\/\/www.fpapaulofreirealmenara.com\/politica-de-cookies\/"},"modified":"2025-02-05T22:22:15","modified_gmt":"2025-02-05T22:22:15","slug":"politica-de-cookies","status":"publish","type":"page","link":"https:\/\/www.fpapaulofreirealmenara.com\/es\/politica-de-cookies\/","title":{"rendered":"POL\u00cdTICA DE COOKIES"},"content":{"rendered":"<div data-elementor-type=\"wp-post\" data-elementor-id=\"4940\" class=\"elementor elementor-4940\">\n\t\t\t\t\t\t<section class=\"elementor-section elementor-top-section elementor-element elementor-element-3c8f9be4 elementor-section-boxed elementor-section-height-default elementor-section-height-default\" data-id=\"3c8f9be4\" data-element_type=\"section\" data-e-type=\"section\">\n\t\t\t\t\t\t<div class=\"elementor-container elementor-column-gap-default\">\n\t\t\t\t\t<div class=\"elementor-column elementor-col-100 elementor-top-column elementor-element elementor-element-5dc0a47c\" data-id=\"5dc0a47c\" data-element_type=\"column\" data-e-type=\"column\">\n\t\t\t<div class=\"elementor-widget-wrap elementor-element-populated\">\n\t\t\t\t\t\t<div class=\"elementor-element elementor-element-10d40abd elementor-widget elementor-widget-text-editor\" data-id=\"10d40abd\" data-element_type=\"widget\" data-e-type=\"widget\" data-widget_type=\"text-editor.default\">\n\t\t\t\t<div class=\"elementor-widget-container\">\n\t\t\t\t\t\t\t\t\t<p style=\"text-align: center;\"><strong>INFORMACI\u00d3 SOBRE COOKIES<\/strong><br \/>Conforme amb la Llei 34\/2002, d&#8217;11 de juliol, de servicis de la societat de la informaci\u00f3 i de comer\u00e7<br \/>electr\u00f2nic (*LSSI), en relaci\u00f3 amb el Reglament (UE) 2016\/679 del Parlament Europeu i del Consell, de<br \/>27 d&#8217;abril de 2016, General de Protecci\u00f3 de Dades (*GDPR) i la Llei org\u00e0nica 3\/2018, de 5 de desembre,<br \/>de Protecci\u00f3 de Dades i Garantia dels Drets Digitals (*LOPDGDD), \u00e9s obligat obtindre el<br \/>consentiment expr\u00e9s de l&#8217;usuari de totes les p\u00e0gines web que usen cookies prescindibles, abans que<br \/>este navegue per elles.<\/p><p style=\"text-align: center;\"><br \/>QU\u00c8 S\u00d3N LES COOKIES?<br \/>Les cookies i altres tecnologies similars com ara local *shared *objects, flaix cookies o p\u00edxels, s\u00f3n<br \/>ferramentes emprades pels servidors Web per a emmagatzemar i recuperar informaci\u00f3 sobre els seus<br \/>visitants, aix\u00ed com per a oferir un correcte funcionament del lloc.<br \/>Mitjan\u00e7ant l&#8217;\u00fas d&#8217;estos dispositius es permet al servidor Web recordar algunes dades concernents a l&#8217;usuari,<br \/>com les seues prefer\u00e8ncies per a la visualitzaci\u00f3 de les p\u00e0gines d&#8217;eixe servidor, nom i contrasenya,<br \/>productes que m\u00e9s li interessen, etc.<\/p><p style=\"text-align: center;\"><br \/>COOKIES AFECTADES PER LA NORMATIVA I COOKIES EXCEPTUADES<br \/>Segons la directiva de la UE, les cookies que requerixen el consentiment informat per part de l&#8217;usuari<br \/>s\u00f3n les cookies d&#8217;anal\u00edtica i les de publicitat i afiliaci\u00f3, quedant exceptuades les de car\u00e0cter t\u00e8cnic i<br \/>les necess\u00e0ries per al funcionament del lloc web o la prestaci\u00f3 de servicis expressament sol\u00b7licitats per<br \/>l&#8217;usuari.<\/p><p style=\"text-align: center;\"><br \/>TIPUS DE COOKIES<br \/>SEGONS LA FINALITAT<br \/>Cookies t\u00e8cniques i funcionals: s\u00f3n aquelles que permeten a l&#8217;usuari la navegaci\u00f3 a trav\u00e9s d&#8217;una<br \/>p\u00e0gina web, plataforma o aplicaci\u00f3 i la utilitzaci\u00f3 de les diferents opcions o servicis que en<br \/>ella existisquen.<br \/>Cookies anal\u00edtiques: s\u00f3n aquelles que permeten al responsable de les mateixes el seguiment i<br \/>an\u00e0lisi del comportament dels usuaris dels llocs web als quals estan vinculades. La<br \/>informaci\u00f3 arreplegada mitjan\u00e7ant esta mena de cookies s&#8217;utilitza en el mesurament de l&#8217;activitat dels<br \/>llocs web, aplicaci\u00f3 o plataforma i per a l&#8217;elaboraci\u00f3 de perfils de navegaci\u00f3 dels usuaris d&#8217;estos<br \/>llocs, aplicacions i plataformes, amb la finalitat d&#8217;introduir millores en funci\u00f3 de l&#8217;an\u00e0lisi de<br \/>les dades d&#8217;\u00fas que fan els usuaris del servici.<br \/>Cookies publicit\u00e0ries: s\u00f3n aquelles que permeten la gesti\u00f3, de la forma m\u00e9s efica\u00e7 possible, dels<br \/>espais publicitaris que, si \u00e9s el cas, l&#8217;editor haja incl\u00f2s en una p\u00e0gina web, aplicaci\u00f3 o<br \/>plataforma des de la qual presta el servici sol\u00b7licitat sobre la base de criteris com el contingut editat o<br \/>la freq\u00fc\u00e8ncia en la qual es mostren els anuncis.<br \/>Cookies de publicitat comportamental: arrepleguen informaci\u00f3 sobre les prefer\u00e8ncies i eleccions<br \/>personals de l&#8217;usuari (*retargeting) per a permetre la gesti\u00f3, de la forma m\u00e9s efica\u00e7 possible, dels<br \/>espais publicitaris que, si \u00e9s el cas, l&#8217;editor haja incl\u00f2s en una p\u00e0gina web, aplicaci\u00f3 o<br \/>plataforma des de la qual presta el servici sol\u00b7licitat.<br \/>Cookies socials: s\u00f3n establides per les plataformes de xarxes socials en els servicis per a<br \/>permetre-li compartir contingut amb els seus amics i xarxes. Les plataformes de mitjans socials tenen la<br \/>capacitat de rastrejar la seua activitat en l\u00ednia anara dels Servicis. Aix\u00f2 pot afectar el contingut i<br \/>els missatges que veu en altres servicis que visita.<br \/>Cookies d&#8217;afiliats: permeten fer un seguiment de les visites procedents d&#8217;altres webs, amb<br \/>les quals el lloc web establix un contracte d&#8217;afiliaci\u00f3 (empreses d&#8217;afiliaci\u00f3).<br \/>Cookies de seguretat: emmagatzemen informaci\u00f3 xifrada per a evitar que les dades guardades en elles siguen vulnerables a atacs maliciosos de tercers.<\/p><p style=\"text-align: center;\"><br \/>SEGONS LA PROPIETAT<br \/>Cookies pr\u00f2pies: s\u00f3n aquelles que s&#8217;envien a l&#8217;equip terminal de l&#8217;usuari des d&#8217;un equip o<br \/>domini gestionat pel propi editor i des del qual es presta el servici sol\u00b7licitat per l&#8217;usuari.<br \/>Cookies de tercers: s\u00f3n aquelles que s&#8217;envien a l&#8217;equip terminal de l&#8217;usuari des d&#8217;un equip o<br \/>domini que no \u00e9s gestionat per l&#8217;editor, sin\u00f3 per una altra entitat que tracta les dades obtingudes<br \/>trav\u00e9s de les cookies.<\/p><p style=\"text-align: center;\"><br \/>SEGONS EL TERMINI DE CONSERVACI\u00d3<br \/>Cookies de sessi\u00f3: s\u00f3n un tipus de cookies dissenyades per a recaptar i emmagatzemar dades mentres l&#8217;usuari<br \/>accedix a una p\u00e0gina web.<br \/>Cookies persistents: s\u00f3n un tipus de cookies en el qual les dades seguixen emmagatzemats en el terminal<br \/>i poden ser accedits i tractats durant un per\u00edode definit pel responsable de la *cookie, i que<br \/>pot anar d&#8217;uns minuts a diversos anys.<\/p><p style=\"text-align: center;\"><br \/>TRACTAMENT DE DADES PERSONALS<br \/>*ASSOCIACIO D&#8217;*ALUMNES PAULO FREIRE ALMENARA \u00e9s el Responsable del tractament de les dades<br \/>personals de l&#8217;Interessat i l&#8217;informa que estes dades seran tractades de conformitat amb el que es disposa<br \/>en el Reglament (UE) 2016\/679, de 27 d&#8217;abril de 2016 (*GDPR), per la qual cosa se li facilita la seg\u00fcent<br \/>informaci\u00f3 del tractament:<br \/>Fins del tractament: segons s&#8217;especifica en l&#8217;apartat de cookies que s&#8217;utilitzen en este lloc web.<br \/>Legitimaci\u00f3 del tractament: excepte en els casos en els quals resulte necessari per a la navegaci\u00f3 per la<br \/>web, per consentiment de l&#8217;interessat (art. 6.1.a *GDPR).<br \/>Criteris de conservaci\u00f3 de les dades: segons s&#8217;especifica en l&#8217;apartat de cookies utilitzades en la<br \/>web.<br \/>Comunicaci\u00f3 de les dades: no es comunicaran les dades a tercers, excepte en cookies propietat de<br \/>tercers o per obligaci\u00f3 legal.<br \/>Drets que assistixen a l&#8217;Interessat:<br \/>&#8211; Dret a retirar el consentiment en qualsevol moment.<br \/>&#8211; Dret d&#8217;acc\u00e9s, rectificaci\u00f3, portabilitat i supressi\u00f3 de les seues dades, i de limitaci\u00f3 o oposici\u00f3 al seu<br \/>tractament.<br \/>&#8211; Dret a presentar una reclamaci\u00f3 davant l&#8217;Autoritat de control (www.aepd.es) si considera que el<br \/>tractament no s&#8217;ajusta a la normativa vigent.<br \/>Dades de contacte per a exercir els seus drets:<\/p><p style=\"text-align: center;\"><br \/>*ASSOCIACIO D&#8217;*ALUMNES PAULO FREIRE ALMENARA. *CL. MAJOR, 103 &#8211; 12590 ALMENARA (Castell\u00f3). Email: fpapaulofreire@gmail.com<\/p>\t\t\t\t\t\t\t\t<\/div>\n\t\t\t\t<\/div>\n\t\t\t\t\t<\/div>\n\t\t<\/div>\n\t\t\t\t\t<\/div>\n\t\t<\/section>\n\t\t\t\t<\/div>","protected":false},"excerpt":{"rendered":"<p>INFORMACI\u00d3 SOBRE COOKIESConforme amb la Llei 34\/2002, d&#8217;11 de juliol, de servicis de la societat de la informaci\u00f3 i de comer\u00e7electr\u00f2nic (*LSSI), en relaci\u00f3 amb el Reglament (UE) 2016\/679 del Parlament Europeu i del Consell, de27 d&#8217;abril de 2016, General de Protecci\u00f3 de Dades (*GDPR) i la Llei org\u00e0nica 3\/2018, de 5 de desembre,de Protecci\u00f3 &hellip;<\/p>","protected":false},"author":1,"featured_media":4316,"parent":0,"menu_order":0,"comment_status":"closed","ping_status":"closed","template":"","meta":{"footnotes":""},"class_list":["post-4940","page","type-page","status-publish","has-post-thumbnail","hentry","has-thumb"],"_links":{"self":[{"href":"https:\/\/www.fpapaulofreirealmenara.com\/es\/wp-json\/wp\/v2\/pages\/4940","targetHints":{"allow":["GET"]}}],"collection":[{"href":"https:\/\/www.fpapaulofreirealmenara.com\/es\/wp-json\/wp\/v2\/pages"}],"about":[{"href":"https:\/\/www.fpapaulofreirealmenara.com\/es\/wp-json\/wp\/v2\/types\/page"}],"author":[{"embeddable":true,"href":"https:\/\/www.fpapaulofreirealmenara.com\/es\/wp-json\/wp\/v2\/users\/1"}],"replies":[{"embeddable":true,"href":"https:\/\/www.fpapaulofreirealmenara.com\/es\/wp-json\/wp\/v2\/comments?post=4940"}],"version-history":[{"count":0,"href":"https:\/\/www.fpapaulofreirealmenara.com\/es\/wp-json\/wp\/v2\/pages\/4940\/revisions"}],"wp:featuredmedia":[{"embeddable":true,"href":"https:\/\/www.fpapaulofreirealmenara.com\/es\/wp-json\/wp\/v2\/media\/4316"}],"wp:attachment":[{"href":"https:\/\/www.fpapaulofreirealmenara.com\/es\/wp-json\/wp\/v2\/media?parent=4940"}],"curies":[{"name":"wp","href":"https:\/\/api.w.org\/{rel}","templated":true}]}}