{"id":4943,"date":"2018-10-17T16:01:18","date_gmt":"2018-10-17T16:01:18","guid":{"rendered":"https:\/\/www.fpapaulofreirealmenara.com\/?page_id=4943"},"modified":"2019-04-20T13:24:13","modified_gmt":"2019-04-20T13:24:13","slug":"politica-de-privacitat","status":"publish","type":"page","link":"https:\/\/www.fpapaulofreirealmenara.com\/es\/politica-de-privacitat\/","title":{"rendered":"POL\u00cdTICA DE PRIVACITAT"},"content":{"rendered":"<div data-elementor-type=\"wp-post\" data-elementor-id=\"4943\" class=\"elementor elementor-4943 elementor-bc-flex-widget\">\n\t\t\t\t\t\t<section class=\"elementor-section elementor-top-section elementor-element elementor-element-191c8ee9 elementor-section-boxed elementor-section-height-default elementor-section-height-default\" data-id=\"191c8ee9\" data-element_type=\"section\" data-e-type=\"section\">\n\t\t\t\t\t\t<div class=\"elementor-container elementor-column-gap-default\">\n\t\t\t\t\t<div class=\"elementor-column elementor-col-100 elementor-top-column elementor-element elementor-element-5e97015\" data-id=\"5e97015\" data-element_type=\"column\" data-e-type=\"column\">\n\t\t\t<div class=\"elementor-widget-wrap elementor-element-populated\">\n\t\t\t\t\t\t<div class=\"elementor-element elementor-element-773a0082 elementor-widget elementor-widget-text-editor\" data-id=\"773a0082\" data-element_type=\"widget\" data-e-type=\"widget\" data-widget_type=\"text-editor.default\">\n\t\t\t\t<div class=\"elementor-widget-container\">\n\t\t\t\t\t\t\t\t\t<p><strong>POL\u00cdTICA DE PRIVACITAT\u00a0<\/strong><\/p><p><strong>1. INFORMACI\u00d3 A l&#8217;USUARI ASSOCIACIO D`ALUMNES PAULO FREIRE ALMENARA,<\/strong> d&#8217;ara en avant RESPONSABLE, \u00e9s el Responsable del tractament de les dades personals de l&#8217;Usuari i li informa que estes dades seran tractats de conformitat amb el que disposa el Reglament (UE) 2016\/679 de 27 d&#8217;abril (GDPR) i la Llei Org\u00e0nica 3\/2018 de 5 de desembre (LOPDGDD) , per la qual cosa se li facilita la seg\u00fcent informaci\u00f3 del tractament:<\/p>\t\t\t\t\t\t\t\t<\/div>\n\t\t\t\t<\/div>\n\t\t\t\t<div class=\"elementor-element elementor-element-6400919d elementor-widget elementor-widget-text-editor\" data-id=\"6400919d\" data-element_type=\"widget\" data-e-type=\"widget\" data-widget_type=\"text-editor.default\">\n\t\t\t\t<div class=\"elementor-widget-container\">\n\t\t\t\t\t\t\t\t\t<p><strong>Fi del tractament:<\/strong> mantindre una relaci\u00f3 comercial amb l&#8217;Usuari. Les operacions previstes per a realitzar el tractament s\u00f3n: Remissi\u00f3 de comunicacions comercials publicit\u00e0ries per email, fax, SMS, MMS, comunitats socials o qualsevol altre mitj\u00e0 electr\u00f2nic o f\u00edsic, present o futur, que possibilite realitzar comunicacions comercials. Estes comunicacions seran realitzades pel RESPONSABLE i relacionades sobre els seus productes i servicis, o dels seus col\u00b7laboradors o prove\u00efdors amb els que este haja aconseguit algun acord de promoci\u00f3. En este cas, els tercers mai tindran acc\u00e9s a les dades personals. Realitzar estudis estad\u00edstics. Tramitar enc\u00e0rrecs, sol\u00b7licituds o qualsevol tipus de petici\u00f3 que siga realitzada per l&#8217;usuari a trav\u00e9s de qualsevol de les formes de contacte que es posen a la seua disposici\u00f3. Remetre el butllet\u00ed de not\u00edcies de la p\u00e0gina web.<\/p>\t\t\t\t\t\t\t\t<\/div>\n\t\t\t\t<\/div>\n\t\t\t\t<div class=\"elementor-element elementor-element-5c61f782 elementor-widget elementor-widget-text-editor\" data-id=\"5c61f782\" data-element_type=\"widget\" data-e-type=\"widget\" data-widget_type=\"text-editor.default\">\n\t\t\t\t<div class=\"elementor-widget-container\">\n\t\t\t\t\t\t\t\t\t<p><strong>Base jur\u00eddica del tractament:<\/strong> consentiment de l&#8217;interessat. <strong>Criteris de conservaci\u00f3 de les dades:<\/strong> es conservaran durant no m\u00e9s temps del necessari per a mantindre el fi del tractament i quan ja no siga necessari per a tal fi, se suprimiran amb mesures de seguretat adequades per a garantir la seudonimizaci\u00f3n de les dades o la destrucci\u00f3 total dels mateixos.<\/p>\t\t\t\t\t\t\t\t<\/div>\n\t\t\t\t<\/div>\n\t\t\t\t<div class=\"elementor-element elementor-element-5051d827 elementor-widget elementor-widget-text-editor\" data-id=\"5051d827\" data-element_type=\"widget\" data-e-type=\"widget\" data-widget_type=\"text-editor.default\">\n\t\t\t\t<div class=\"elementor-widget-container\">\n\t\t\t\t\t\t\t\t\t<p><strong>Comunicaci\u00f3 de les dades:<\/strong> No es comunicaran les dades a tercers, excepte obligaci\u00f3 legal. <strong>Drets que assistixen a l&#8217;Usuari:<\/strong> Dret a retirar el consentiment en qualsevol moment. Dret d&#8217;acc\u00e9s, rectificaci\u00f3, portabilitat i supressi\u00f3 de les seues dades i a la limitaci\u00f3 o oposici\u00f3 al el seu tractament. Dret a presentar una reclamaci\u00f3 davant de l&#8217;autoritat de control (www.aepd.es) si considera que el tractament no s&#8217;ajusta a la normativa vigent.<\/p>\t\t\t\t\t\t\t\t<\/div>\n\t\t\t\t<\/div>\n\t\t\t\t<div class=\"elementor-element elementor-element-2d904e67 elementor-widget elementor-widget-text-editor\" data-id=\"2d904e67\" data-element_type=\"widget\" data-e-type=\"widget\" data-widget_type=\"text-editor.default\">\n\t\t\t\t<div class=\"elementor-widget-container\">\n\t\t\t\t\t\t\t\t\t<p><strong>Dades de contacte per a exercir els seus drets:<\/strong> ASSOCIACIO D`ALUMNES PAULO FREIRE ALMENARA. CARRER MAJOR, 103 &#8211; 12590 ALMENARA (Castell\u00f3) . Email: fpa\\@almenara.es <strong>2. CAR\u00c0CTER OBLIGATORI O FACULTATIU DE LA INFORMACI\u00d3 FACILITADA PER L&#8217;USUARI<\/strong><\/p><p>Els Usuaris, per mitj\u00e0 de la marcaci\u00f3 de les caselles corresponents i entrada de dades en els camps, marcats amb un asterisc (*) en el formulari de contacte o presentats en formularis de desc\u00e0rrega, accepten expressament i de forma lliure i inequ\u00edvoca, que les seues dades s\u00f3n necess\u00e0ries per a atendre la seua petici\u00f3, per part del prestador, sent volunt\u00e0ria la inclusi\u00f3 de dades en els camps restants. L&#8217;Usuari garantix que les dades personals facilitats al RESPONSABLE s\u00f3n vera\u00e7os i es fa responsable de comunicar qualsevol modificaci\u00f3 dels mateixos.<\/p><p>El RESPONSABLE informa i garantix expressament als usuaris que les seues dades personals no seran cedits en cap cas a tercers, i que sempre que realitzara algun tipus de cessi\u00f3 de dades personals, es demanar\u00e0 pr\u00e8viament el consentiment expresse, informat i inequ\u00edvoc per part els Usuaris. Totes les dades sol\u00b7licitats a trav\u00e9s del lloc web s\u00f3n obligatoris, ja que s\u00f3n necessaris per a la prestaci\u00f3 d&#8217;un servici \u00f2ptim a l&#8217;Usuari. En el cas que no siguen facilitats totes les dades, no es garantix que la informaci\u00f3 i servicis facilitats siguen completament ajustats a les seues necessitats.<\/p>\t\t\t\t\t\t\t\t<\/div>\n\t\t\t\t<\/div>\n\t\t\t\t<div class=\"elementor-element elementor-element-79218495 elementor-widget elementor-widget-text-editor\" data-id=\"79218495\" data-element_type=\"widget\" data-e-type=\"widget\" data-widget_type=\"text-editor.default\">\n\t\t\t\t<div class=\"elementor-widget-container\">\n\t\t\t\t\t\t\t\t\t<p><strong>3. MESURES DE SEGURETAT<\/strong> Que de conformitat amb el que disposen les normatives vigents en protecci\u00f3 de dades personals, el RESPONSABLE est\u00e0 complint amb totes les disposicions de les normatives GDPR per al tractament de les dades personals de la seua responsabilitat, i manifestament amb els principis descrits en l&#8217;article 5 del GDPR, pels quals s\u00f3n tractats de manera l\u00edcita, lleial i transparent en relaci\u00f3 amb l&#8217;interessat i adequats, pertinents i limitats al que \u00e9s necessari en relaci\u00f3 amb els fins per als que s\u00f3n tractats. El RESPONSABLE garantix que ha implementat pol\u00edtiques t\u00e8cniques i organitzatives apropiades per a aplicar les mesures de seguretat que establixen el GDPR a fi de protegir els drets i llibertats dels Usuaris i els ha comunicat la informaci\u00f3 adequada perqu\u00e8 puguen exercir-los.<\/p>\t\t\t\t\t\t\t\t<\/div>\n\t\t\t\t<\/div>\n\t\t\t\t\t<\/div>\n\t\t<\/div>\n\t\t\t\t\t<\/div>\n\t\t<\/section>\n\t\t\t\t<\/div>","protected":false},"excerpt":{"rendered":"<p>POL\u00cdTICA DE PRIVACITAT\u00a0 1. INFORMACI\u00d3 A l&#8217;USUARI ASSOCIACIO D`ALUMNES PAULO FREIRE ALMENARA, d&#8217;ara en avant RESPONSABLE, \u00e9s el Responsable del tractament de les dades personals de l&#8217;Usuari i li informa que estes dades seran tractats de conformitat amb el que disposa el Reglament (UE) 2016\/679 de 27 d&#8217;abril (GDPR) i la Llei Org\u00e0nica 3\/2018 de &hellip;<\/p>","protected":false},"author":1,"featured_media":4316,"parent":0,"menu_order":0,"comment_status":"closed","ping_status":"closed","template":"","meta":{"footnotes":""},"class_list":["post-4943","page","type-page","status-publish","has-post-thumbnail","hentry","has-thumb"],"_links":{"self":[{"href":"https:\/\/www.fpapaulofreirealmenara.com\/es\/wp-json\/wp\/v2\/pages\/4943","targetHints":{"allow":["GET"]}}],"collection":[{"href":"https:\/\/www.fpapaulofreirealmenara.com\/es\/wp-json\/wp\/v2\/pages"}],"about":[{"href":"https:\/\/www.fpapaulofreirealmenara.com\/es\/wp-json\/wp\/v2\/types\/page"}],"author":[{"embeddable":true,"href":"https:\/\/www.fpapaulofreirealmenara.com\/es\/wp-json\/wp\/v2\/users\/1"}],"replies":[{"embeddable":true,"href":"https:\/\/www.fpapaulofreirealmenara.com\/es\/wp-json\/wp\/v2\/comments?post=4943"}],"version-history":[{"count":0,"href":"https:\/\/www.fpapaulofreirealmenara.com\/es\/wp-json\/wp\/v2\/pages\/4943\/revisions"}],"wp:featuredmedia":[{"embeddable":true,"href":"https:\/\/www.fpapaulofreirealmenara.com\/es\/wp-json\/wp\/v2\/media\/4316"}],"wp:attachment":[{"href":"https:\/\/www.fpapaulofreirealmenara.com\/es\/wp-json\/wp\/v2\/media?parent=4943"}],"curies":[{"name":"wp","href":"https:\/\/api.w.org\/{rel}","templated":true}]}}