{"id":6742,"date":"2018-11-23T17:42:47","date_gmt":"2018-11-23T17:42:47","guid":{"rendered":"https:\/\/www.fpapaulofreirealmenara.com\/?page_id=6742"},"modified":"2026-02-04T18:45:45","modified_gmt":"2026-02-04T18:45:45","slug":"inicio-prueba","status":"publish","type":"page","link":"https:\/\/www.fpapaulofreirealmenara.com\/es\/","title":{"rendered":"INICIO"},"content":{"rendered":"<div data-elementor-type=\"wp-post\" data-elementor-id=\"6742\" class=\"elementor elementor-6742\">\n\t\t\t\t\t\t<section class=\"elementor-section elementor-top-section elementor-element elementor-element-d4ad16e elementor-section-stretched elementor-section-full_width elementor-section-height-default elementor-section-height-default\" data-id=\"d4ad16e\" data-element_type=\"section\" data-e-type=\"section\" data-settings=\"{&quot;stretch_section&quot;:&quot;section-stretched&quot;,&quot;background_background&quot;:&quot;classic&quot;}\">\n\t\t\t\t\t\t<div class=\"elementor-container elementor-column-gap-default\">\n\t\t\t\t\t<div class=\"elementor-column elementor-col-100 elementor-top-column elementor-element elementor-element-e070f99\" data-id=\"e070f99\" data-element_type=\"column\" data-e-type=\"column\">\n\t\t\t<div class=\"elementor-widget-wrap elementor-element-populated\">\n\t\t\t\t\t\t<div class=\"elementor-element elementor-element-f57c21a elementor-widget elementor-widget-shortcode\" data-id=\"f57c21a\" data-element_type=\"widget\" data-e-type=\"widget\" data-widget_type=\"shortcode.default\">\n\t\t\t\t<div class=\"elementor-widget-container\">\n\t\t\t\t\t\t\t<div class=\"elementor-shortcode\"><\/div>\n\t\t\t\t\t\t<\/div>\n\t\t\t\t<\/div>\n\t\t\t\t\t<\/div>\n\t\t<\/div>\n\t\t\t\t\t<\/div>\n\t\t<\/section>\n\t\t\t\t<section class=\"elementor-section elementor-top-section elementor-element elementor-element-7a483ad elementor-section-height-min-height elementor-section-items-bottom elementor-section-stretched elementor-section-full_width elementor-section-height-default elementor-invisible\" data-id=\"7a483ad\" data-element_type=\"section\" data-e-type=\"section\" data-settings=\"{&quot;background_background&quot;:&quot;classic&quot;,&quot;animation&quot;:&quot;fadeIn&quot;,&quot;animation_delay&quot;:50,&quot;stretch_section&quot;:&quot;section-stretched&quot;}\">\n\t\t\t\t\t\t<div class=\"elementor-container elementor-column-gap-no\">\n\t\t\t\t\t<div class=\"elementor-column elementor-col-100 elementor-top-column elementor-element elementor-element-562712b\" data-id=\"562712b\" data-element_type=\"column\" data-e-type=\"column\">\n\t\t\t<div class=\"elementor-widget-wrap elementor-element-populated\">\n\t\t\t\t\t\t<div class=\"elementor-element elementor-element-833e675 elementor-invisible elementor-widget elementor-widget-heading\" data-id=\"833e675\" data-element_type=\"widget\" data-e-type=\"widget\" data-settings=\"{&quot;_animation&quot;:&quot;fadeIn&quot;,&quot;_animation_delay&quot;:100}\" data-widget_type=\"heading.default\">\n\t\t\t\t<div class=\"elementor-widget-container\">\n\t\t\t\t\t<h5 class=\"elementor-heading-title elementor-size-default\"><br> FPA CARTELL ESTIU 2025<\/h5>\t\t\t\t<\/div>\n\t\t\t\t<\/div>\n\t\t\t\t<div class=\"elementor-element elementor-element-581e0ff elementor-widget elementor-widget-html\" data-id=\"581e0ff\" data-element_type=\"widget\" data-e-type=\"widget\" data-widget_type=\"html.default\">\n\t\t\t\t<div class=\"elementor-widget-container\">\n\t\t\t\t\t<iframe style=\"width:2500px;height:1325px\" src=\"https:\/\/online.anyflip.com\/wire\/bupb\/index.html\"  seamless=\"seamless\" scrolling=\"no\" frameborder=\"0\" allowtransparency=\"true\" allowfullscreen=\"true\" ><\/iframe>\t\t\t\t<\/div>\n\t\t\t\t<\/div>\n\t\t\t\t\t<\/div>\n\t\t<\/div>\n\t\t\t\t\t<\/div>\n\t\t<\/section>\n\t\t\t\t<section class=\"elementor-section elementor-top-section elementor-element elementor-element-9116815 elementor-section-height-min-height elementor-section-items-bottom elementor-section-stretched elementor-section-full_width elementor-section-height-default elementor-invisible\" data-id=\"9116815\" data-element_type=\"section\" data-e-type=\"section\" data-settings=\"{&quot;background_background&quot;:&quot;classic&quot;,&quot;animation&quot;:&quot;fadeIn&quot;,&quot;animation_delay&quot;:50,&quot;stretch_section&quot;:&quot;section-stretched&quot;}\">\n\t\t\t\t\t\t<div class=\"elementor-container elementor-column-gap-no\">\n\t\t\t\t\t<div class=\"elementor-column elementor-col-100 elementor-top-column elementor-element elementor-element-ada3edd\" data-id=\"ada3edd\" data-element_type=\"column\" data-e-type=\"column\">\n\t\t\t<div class=\"elementor-widget-wrap elementor-element-populated\">\n\t\t\t\t\t\t<div class=\"elementor-element elementor-element-529d607 elementor-invisible elementor-widget elementor-widget-heading\" data-id=\"529d607\" data-element_type=\"widget\" data-e-type=\"widget\" data-settings=\"{&quot;_animation&quot;:&quot;fadeIn&quot;,&quot;_animation_delay&quot;:100}\" data-widget_type=\"heading.default\">\n\t\t\t\t<div class=\"elementor-widget-container\">\n\t\t\t\t\t<h5 class=\"elementor-heading-title elementor-size-default\"><br> DIPTIC FPA ESTIU 2025<\/h5>\t\t\t\t<\/div>\n\t\t\t\t<\/div>\n\t\t\t\t<div class=\"elementor-element elementor-element-3c782d8 elementor-widget elementor-widget-html\" data-id=\"3c782d8\" data-element_type=\"widget\" data-e-type=\"widget\" data-widget_type=\"html.default\">\n\t\t\t\t<div class=\"elementor-widget-container\">\n\t\t\t\t\t<iframe style=\"width:2500px;height:1325px\" src=\"https:\/\/online.anyflip.com\/wire\/ydaj\/index.html\"  seamless=\"seamless\" scrolling=\"no\" frameborder=\"0\" allowtransparency=\"true\" allowfullscreen=\"true\" ><\/iframe>\t\t\t\t<\/div>\n\t\t\t\t<\/div>\n\t\t\t\t<div class=\"elementor-element elementor-element-51d94e7 elementor-align-center elementor-invisible elementor-widget elementor-widget-button\" data-id=\"51d94e7\" data-element_type=\"widget\" data-e-type=\"widget\" data-settings=\"{&quot;_animation&quot;:&quot;zoomIn&quot;}\" data-widget_type=\"button.default\">\n\t\t\t\t<div class=\"elementor-widget-container\">\n\t\t\t\t\t\t\t\t\t<div class=\"elementor-button-wrapper\">\n\t\t\t\t\t<a class=\"elementor-button elementor-button-link elementor-size-sm elementor-animation-bounce-in\" href=\"https:\/\/www.fpapaulofreirealmenara.com\/download\/9985\/?tmstv=1739794358\">\n\t\t\t\t\t\t<span class=\"elementor-button-content-wrapper\">\n\t\t\t\t\t\t\t\t\t<span class=\"elementor-button-text\">DESCARREGAR PROGRAMACI\u00d3 EPA 2024-2025<\/span>\n\t\t\t\t\t<\/span>\n\t\t\t\t\t<\/a>\n\t\t\t\t<\/div>\n\t\t\t\t\t\t\t\t<\/div>\n\t\t\t\t<\/div>\n\t\t\t\t\t<\/div>\n\t\t<\/div>\n\t\t\t\t\t<\/div>\n\t\t<\/section>\n\t\t\t\t<section class=\"elementor-section elementor-top-section elementor-element elementor-element-35d5fce elementor-section-height-min-height elementor-section-items-bottom elementor-section-stretched elementor-section-full_width elementor-section-height-default elementor-invisible\" data-id=\"35d5fce\" data-element_type=\"section\" data-e-type=\"section\" data-settings=\"{&quot;background_background&quot;:&quot;classic&quot;,&quot;animation&quot;:&quot;fadeIn&quot;,&quot;animation_delay&quot;:50,&quot;stretch_section&quot;:&quot;section-stretched&quot;}\">\n\t\t\t\t\t\t<div class=\"elementor-container elementor-column-gap-no\">\n\t\t\t\t\t<div class=\"elementor-column elementor-col-100 elementor-top-column elementor-element elementor-element-3e4f30b\" data-id=\"3e4f30b\" data-element_type=\"column\" data-e-type=\"column\">\n\t\t\t<div class=\"elementor-widget-wrap elementor-element-populated\">\n\t\t\t\t\t\t<div class=\"elementor-element elementor-element-cf4d898 elementor-invisible elementor-widget elementor-widget-heading\" data-id=\"cf4d898\" data-element_type=\"widget\" data-e-type=\"widget\" data-settings=\"{&quot;_animation&quot;:&quot;fadeIn&quot;,&quot;_animation_delay&quot;:100}\" data-widget_type=\"heading.default\">\n\t\t\t\t<div class=\"elementor-widget-container\">\n\t\t\t\t\t<h5 class=\"elementor-heading-title elementor-size-default\"><br> PDF CURSOS I ACTIVITATS CURS 2024-2025 TRIPTIC FPA PAULO FREIRE ALMENARA<\/h5>\t\t\t\t<\/div>\n\t\t\t\t<\/div>\n\t\t\t\t<div class=\"elementor-element elementor-element-c94e6c7 elementor-widget elementor-widget-html\" data-id=\"c94e6c7\" data-element_type=\"widget\" data-e-type=\"widget\" data-widget_type=\"html.default\">\n\t\t\t\t<div class=\"elementor-widget-container\">\n\t\t\t\t\t<iframe style=\"width:2500px;height:1325px\" src=\"https:\/\/online.anyflip.com\/wire\/bfwg\/index.html\"  seamless=\"seamless\" scrolling=\"no\" frameborder=\"0\" allowtransparency=\"true\" allowfullscreen=\"true\" ><\/iframe>\t\t\t\t<\/div>\n\t\t\t\t<\/div>\n\t\t\t\t<div class=\"elementor-element elementor-element-0214740 elementor-align-center elementor-invisible elementor-widget elementor-widget-button\" data-id=\"0214740\" data-element_type=\"widget\" data-e-type=\"widget\" data-settings=\"{&quot;_animation&quot;:&quot;zoomIn&quot;}\" data-widget_type=\"button.default\">\n\t\t\t\t<div class=\"elementor-widget-container\">\n\t\t\t\t\t\t\t\t\t<div class=\"elementor-button-wrapper\">\n\t\t\t\t\t<a class=\"elementor-button elementor-button-link elementor-size-sm elementor-animation-bounce-in\" href=\"https:\/\/www.fpapaulofreirealmenara.com\/download\/9985\/?tmstv=1739794358\">\n\t\t\t\t\t\t<span class=\"elementor-button-content-wrapper\">\n\t\t\t\t\t\t\t\t\t<span class=\"elementor-button-text\">DESCARREGAR PROGRAMACI\u00d3 EPA 2024-2025<\/span>\n\t\t\t\t\t<\/span>\n\t\t\t\t\t<\/a>\n\t\t\t\t<\/div>\n\t\t\t\t\t\t\t\t<\/div>\n\t\t\t\t<\/div>\n\t\t\t\t\t<\/div>\n\t\t<\/div>\n\t\t\t\t\t<\/div>\n\t\t<\/section>\n\t\t\t\t<section class=\"elementor-section elementor-top-section elementor-element elementor-element-941e825 elementor-section-height-min-height elementor-section-items-bottom elementor-section-stretched elementor-section-full_width elementor-section-height-default elementor-invisible\" data-id=\"941e825\" data-element_type=\"section\" data-e-type=\"section\" data-settings=\"{&quot;background_background&quot;:&quot;classic&quot;,&quot;animation&quot;:&quot;fadeIn&quot;,&quot;animation_delay&quot;:50,&quot;stretch_section&quot;:&quot;section-stretched&quot;}\">\n\t\t\t\t\t\t<div class=\"elementor-container elementor-column-gap-no\">\n\t\t\t\t\t<div class=\"elementor-column elementor-col-100 elementor-top-column elementor-element elementor-element-251f53c\" data-id=\"251f53c\" data-element_type=\"column\" data-e-type=\"column\">\n\t\t\t<div class=\"elementor-widget-wrap elementor-element-populated\">\n\t\t\t\t\t\t<div class=\"elementor-element elementor-element-f011108 elementor-invisible elementor-widget elementor-widget-heading\" data-id=\"f011108\" data-element_type=\"widget\" data-e-type=\"widget\" data-settings=\"{&quot;_animation&quot;:&quot;fadeIn&quot;,&quot;_animation_delay&quot;:100}\" data-widget_type=\"heading.default\">\n\t\t\t\t<div class=\"elementor-widget-container\">\n\t\t\t\t\t<h5 class=\"elementor-heading-title elementor-size-default\"><br>CURSOS I ACTIVITATS CURS 2024-2025 TRIPTIC FPA PAULO FREIRE ALMENARA<\/h5>\t\t\t\t<\/div>\n\t\t\t\t<\/div>\n\t\t\t\t<div class=\"elementor-element elementor-element-6602f79 elementor-widget elementor-widget-image\" data-id=\"6602f79\" data-element_type=\"widget\" data-e-type=\"widget\" data-widget_type=\"image.default\">\n\t\t\t\t<div class=\"elementor-widget-container\">\n\t\t\t\t\t\t\t\t\t\t\t\t\t\t\t<img fetchpriority=\"high\" decoding=\"async\" width=\"1920\" height=\"1358\" src=\"https:\/\/www.fpapaulofreirealmenara.com\/wp-content\/uploads\/2025\/02\/TRIPTIC-DEFINITIU-EPA-OCTUBRE-2024-PARTE-DEL-scaled.webp\" class=\"attachment-full size-full wp-image-10087\" alt=\"\" srcset=\"https:\/\/www.fpapaulofreirealmenara.com\/wp-content\/uploads\/2025\/02\/TRIPTIC-DEFINITIU-EPA-OCTUBRE-2024-PARTE-DEL-scaled.webp 1920w, https:\/\/www.fpapaulofreirealmenara.com\/wp-content\/uploads\/2025\/02\/TRIPTIC-DEFINITIU-EPA-OCTUBRE-2024-PARTE-DEL-300x212.webp 300w, https:\/\/www.fpapaulofreirealmenara.com\/wp-content\/uploads\/2025\/02\/TRIPTIC-DEFINITIU-EPA-OCTUBRE-2024-PARTE-DEL-1024x724.webp 1024w, https:\/\/www.fpapaulofreirealmenara.com\/wp-content\/uploads\/2025\/02\/TRIPTIC-DEFINITIU-EPA-OCTUBRE-2024-PARTE-DEL-768x543.webp 768w, https:\/\/www.fpapaulofreirealmenara.com\/wp-content\/uploads\/2025\/02\/TRIPTIC-DEFINITIU-EPA-OCTUBRE-2024-PARTE-DEL-1536x1086.webp 1536w, https:\/\/www.fpapaulofreirealmenara.com\/wp-content\/uploads\/2025\/02\/TRIPTIC-DEFINITIU-EPA-OCTUBRE-2024-PARTE-DEL-18x12.webp 18w, https:\/\/www.fpapaulofreirealmenara.com\/wp-content\/uploads\/2025\/02\/TRIPTIC-DEFINITIU-EPA-OCTUBRE-2024-PARTE-DEL-418x296.webp 418w\" sizes=\"(max-width: 1920px) 100vw, 1920px\" \/>\t\t\t\t\t\t\t\t\t\t\t\t\t\t\t<\/div>\n\t\t\t\t<\/div>\n\t\t\t\t<div class=\"elementor-element elementor-element-7b186ac elementor-widget elementor-widget-image\" data-id=\"7b186ac\" data-element_type=\"widget\" data-e-type=\"widget\" data-widget_type=\"image.default\">\n\t\t\t\t<div class=\"elementor-widget-container\">\n\t\t\t\t\t\t\t\t\t\t\t\t\t\t\t<img decoding=\"async\" width=\"1920\" height=\"1358\" src=\"https:\/\/www.fpapaulofreirealmenara.com\/wp-content\/uploads\/2025\/02\/TRIPTIC-DEFINITIU-EPA-OCTUBRE-2024-PARTE-TRAS-scaled.webp\" class=\"attachment-full size-full wp-image-10088\" alt=\"\" srcset=\"https:\/\/www.fpapaulofreirealmenara.com\/wp-content\/uploads\/2025\/02\/TRIPTIC-DEFINITIU-EPA-OCTUBRE-2024-PARTE-TRAS-scaled.webp 1920w, https:\/\/www.fpapaulofreirealmenara.com\/wp-content\/uploads\/2025\/02\/TRIPTIC-DEFINITIU-EPA-OCTUBRE-2024-PARTE-TRAS-300x212.webp 300w, https:\/\/www.fpapaulofreirealmenara.com\/wp-content\/uploads\/2025\/02\/TRIPTIC-DEFINITIU-EPA-OCTUBRE-2024-PARTE-TRAS-1024x724.webp 1024w, https:\/\/www.fpapaulofreirealmenara.com\/wp-content\/uploads\/2025\/02\/TRIPTIC-DEFINITIU-EPA-OCTUBRE-2024-PARTE-TRAS-768x543.webp 768w, https:\/\/www.fpapaulofreirealmenara.com\/wp-content\/uploads\/2025\/02\/TRIPTIC-DEFINITIU-EPA-OCTUBRE-2024-PARTE-TRAS-1536x1086.webp 1536w, https:\/\/www.fpapaulofreirealmenara.com\/wp-content\/uploads\/2025\/02\/TRIPTIC-DEFINITIU-EPA-OCTUBRE-2024-PARTE-TRAS-18x12.webp 18w, https:\/\/www.fpapaulofreirealmenara.com\/wp-content\/uploads\/2025\/02\/TRIPTIC-DEFINITIU-EPA-OCTUBRE-2024-PARTE-TRAS-418x296.webp 418w\" sizes=\"(max-width: 1920px) 100vw, 1920px\" \/>\t\t\t\t\t\t\t\t\t\t\t\t\t\t\t<\/div>\n\t\t\t\t<\/div>\n\t\t\t\t<div class=\"elementor-element elementor-element-2f54ef9 elementor-align-center elementor-invisible elementor-widget elementor-widget-button\" data-id=\"2f54ef9\" data-element_type=\"widget\" data-e-type=\"widget\" data-settings=\"{&quot;_animation&quot;:&quot;zoomIn&quot;}\" data-widget_type=\"button.default\">\n\t\t\t\t<div class=\"elementor-widget-container\">\n\t\t\t\t\t\t\t\t\t<div class=\"elementor-button-wrapper\">\n\t\t\t\t\t<a class=\"elementor-button elementor-button-link elementor-size-sm elementor-animation-bounce-in\" href=\"https:\/\/www.fpapaulofreirealmenara.com\/download\/9985\/?tmstv=1739794358\">\n\t\t\t\t\t\t<span class=\"elementor-button-content-wrapper\">\n\t\t\t\t\t\t\t\t\t<span class=\"elementor-button-text\">DESCARREGAR PROGRAMACI\u00d3 EPA 2024-2025<\/span>\n\t\t\t\t\t<\/span>\n\t\t\t\t\t<\/a>\n\t\t\t\t<\/div>\n\t\t\t\t\t\t\t\t<\/div>\n\t\t\t\t<\/div>\n\t\t\t\t\t<\/div>\n\t\t<\/div>\n\t\t\t\t\t<\/div>\n\t\t<\/section>\n\t\t\t\t<section class=\"elementor-section elementor-top-section elementor-element elementor-element-75bb1ae elementor-section-stretched elementor-section-full_width elementor-section-height-default elementor-section-height-default\" data-id=\"75bb1ae\" data-element_type=\"section\" data-e-type=\"section\" data-settings=\"{&quot;background_background&quot;:&quot;classic&quot;,&quot;stretch_section&quot;:&quot;section-stretched&quot;}\">\n\t\t\t\t\t\t\t<div class=\"elementor-background-overlay\"><\/div>\n\t\t\t\t\t\t\t<div class=\"elementor-container elementor-column-gap-default\">\n\t\t\t\t\t<div class=\"elementor-column elementor-col-100 elementor-top-column elementor-element elementor-element-5b919a1 elementor-invisible\" data-id=\"5b919a1\" data-element_type=\"column\" data-e-type=\"column\" data-settings=\"{&quot;animation&quot;:&quot;fadeIn&quot;}\">\n\t\t\t<div class=\"elementor-widget-wrap elementor-element-populated\">\n\t\t\t\t\t\t<div class=\"elementor-element elementor-element-bcaaa8a elementor-invisible elementor-widget elementor-widget-heading\" data-id=\"bcaaa8a\" data-element_type=\"widget\" data-e-type=\"widget\" data-settings=\"{&quot;_animation&quot;:&quot;fadeIn&quot;}\" data-widget_type=\"heading.default\">\n\t\t\t\t<div class=\"elementor-widget-container\">\n\t\t\t\t\t<h3 class=\"elementor-heading-title elementor-size-default\">FPA PAULO FREIRE ALMENARA<\/h3>\t\t\t\t<\/div>\n\t\t\t\t<\/div>\n\t\t\t\t<div class=\"elementor-element elementor-element-d2148d5 elementor-invisible elementor-widget elementor-widget-heading\" data-id=\"d2148d5\" data-element_type=\"widget\" data-e-type=\"widget\" data-settings=\"{&quot;_animation&quot;:&quot;fadeIn&quot;}\" data-widget_type=\"heading.default\">\n\t\t\t\t<div class=\"elementor-widget-container\">\n\t\t\t\t\t<h4 class=\"elementor-heading-title elementor-size-default\">CENTRE DE FORMACI\u00d3N DE ADULTOS<\/h4>\t\t\t\t<\/div>\n\t\t\t\t<\/div>\n\t\t\t\t<div class=\"elementor-element elementor-element-425dc23 elementor-invisible elementor-widget elementor-widget-text-editor\" data-id=\"425dc23\" data-element_type=\"widget\" data-e-type=\"widget\" data-settings=\"{&quot;_animation&quot;:&quot;fadeIn&quot;,&quot;_animation_delay&quot;:100}\" data-widget_type=\"text-editor.default\">\n\t\t\t\t<div class=\"elementor-widget-container\">\n\t\t\t\t\t\t\t\t\t<p style=\"text-align: center;\"><span style=\"color: #ffffff;\"><strong>Cursos educatius, programes formatius i tallers per xiquets\/tes i adults &#8211; Cursos per a xiquets\/tes.<\/strong><\/span><\/p><p style=\"text-align: center;\"><span style=\"color: #ffffff;\"><strong>Calle Mayor N\u00ba 103 C.P: 12.590 Almenara \u2013 Castell\u00f3n<\/strong><\/span><br \/><span style=\"color: #ffffff;\"><strong>962 62 35 20<\/strong><\/span><br \/><span style=\"color: #ffffff;\"><strong>fpa@almenara.es<\/strong><\/span><\/p><p style=\"text-align: center;\"><span style=\"color: #ffffff;\"><strong>Dilluns a Dijous: 16:30 h a 20:30 h<\/strong><\/span><br \/><span style=\"color: #ffffff;\"><strong>Divendres: 09:30 h a 13:30 h<\/strong><\/span><\/p>\t\t\t\t\t\t\t\t<\/div>\n\t\t\t\t<\/div>\n\t\t\t\t\t<\/div>\n\t\t<\/div>\n\t\t\t\t<div class=\"elementor-column elementor-col-100 elementor-top-column elementor-element elementor-element-04f266f elementor-invisible\" data-id=\"04f266f\" data-element_type=\"column\" data-e-type=\"column\" data-settings=\"{&quot;animation&quot;:&quot;fadeIn&quot;,&quot;animation_delay&quot;:150}\">\n\t\t\t<div class=\"elementor-widget-wrap elementor-element-populated\">\n\t\t\t\t\t\t<div class=\"elementor-element elementor-element-8a12990 elementor-widget elementor-widget-image\" data-id=\"8a12990\" data-element_type=\"widget\" data-e-type=\"widget\" data-widget_type=\"image.default\">\n\t\t\t\t<div class=\"elementor-widget-container\">\n\t\t\t\t\t\t\t\t\t\t\t\t\t\t\t<img decoding=\"async\" width=\"300\" height=\"212\" src=\"https:\/\/www.fpapaulofreirealmenara.com\/wp-content\/uploads\/2018\/11\/NUEVO-LOGO-PAULO-FREIRE-ALMENARA-2-FINAL-300x212.jpg\" class=\"attachment-medium size-medium wp-image-7667\" alt=\"\" srcset=\"https:\/\/www.fpapaulofreirealmenara.com\/wp-content\/uploads\/2018\/11\/NUEVO-LOGO-PAULO-FREIRE-ALMENARA-2-FINAL-300x212.jpg 300w, https:\/\/www.fpapaulofreirealmenara.com\/wp-content\/uploads\/2018\/11\/NUEVO-LOGO-PAULO-FREIRE-ALMENARA-2-FINAL-768x542.jpg 768w, https:\/\/www.fpapaulofreirealmenara.com\/wp-content\/uploads\/2018\/11\/NUEVO-LOGO-PAULO-FREIRE-ALMENARA-2-FINAL-1024x723.jpg 1024w, https:\/\/www.fpapaulofreirealmenara.com\/wp-content\/uploads\/2018\/11\/NUEVO-LOGO-PAULO-FREIRE-ALMENARA-2-FINAL-418x295.jpg 418w\" sizes=\"(max-width: 300px) 100vw, 300px\" \/>\t\t\t\t\t\t\t\t\t\t\t\t\t\t\t<\/div>\n\t\t\t\t<\/div>\n\t\t\t\t<div class=\"elementor-element elementor-element-ab33f84 elementor-align-center elementor-mobile-align-center elementor-tablet-align-center elementor-invisible elementor-widget elementor-widget-button\" data-id=\"ab33f84\" data-element_type=\"widget\" data-e-type=\"widget\" data-settings=\"{&quot;_animation&quot;:&quot;fadeInUp&quot;,&quot;_animation_delay&quot;:200}\" data-widget_type=\"button.default\">\n\t\t\t\t<div class=\"elementor-widget-container\">\n\t\t\t\t\t\t\t\t\t<div class=\"elementor-button-wrapper\">\n\t\t\t\t\t<a class=\"elementor-button elementor-button-link elementor-size-sm\" href=\"https:\/\/www.fpapaulofreirealmenara.com\/contacte\/\">\n\t\t\t\t\t\t<span class=\"elementor-button-content-wrapper\">\n\t\t\t\t\t\t<span class=\"elementor-button-icon\">\n\t\t\t\t\t\t\t\t\t<i class=\"fa fa-graduation-cap\" aria-hidden=\"true\"><\/i>\n\t\t\t\t\t\t\t<\/span>\n\t\t\t\t\t\t\t\t\t<span class=\"elementor-button-text\">CONTACTO<\/span>\n\t\t\t\t\t<\/span>\n\t\t\t\t\t<\/a>\n\t\t\t\t<\/div>\n\t\t\t\t\t\t\t\t<\/div>\n\t\t\t\t<\/div>\n\t\t\t\t\t<\/div>\n\t\t<\/div>\n\t\t\t\t\t<\/div>\n\t\t<\/section>\n\t\t\t\t<\/div>","protected":false},"excerpt":{"rendered":"<p>FPA CARTELL ESTIU 2025 DIPTIC FPA ESTIU 2025 DESCARREGAR PROGRAMACI\u00d3 EPA 2024-2025 PDF CURSOS I ACTIVITATS CURS 2024-2025 TRIPTIC FPA PAULO FREIRE ALMENARA DESCARREGAR PROGRAMACI\u00d3 EPA 2024-2025 CURSOS I ACTIVITATS CURS 2024-2025 TRIPTIC FPA PAULO FREIRE ALMENARA DESCARREGAR PROGRAMACI\u00d3 EPA 2024-2025 FPA PAULO FREIRE ALMENARA CENTRE DE FORMACI\u00d3 D`ADULTS Cursos educatius, programes formatius i tallers &hellip;<\/p>","protected":false},"author":1,"featured_media":0,"parent":0,"menu_order":0,"comment_status":"closed","ping_status":"closed","template":"","meta":{"footnotes":""},"class_list":["post-6742","page","type-page","status-publish","hentry","no-thumb"],"_links":{"self":[{"href":"https:\/\/www.fpapaulofreirealmenara.com\/es\/wp-json\/wp\/v2\/pages\/6742","targetHints":{"allow":["GET"]}}],"collection":[{"href":"https:\/\/www.fpapaulofreirealmenara.com\/es\/wp-json\/wp\/v2\/pages"}],"about":[{"href":"https:\/\/www.fpapaulofreirealmenara.com\/es\/wp-json\/wp\/v2\/types\/page"}],"author":[{"embeddable":true,"href":"https:\/\/www.fpapaulofreirealmenara.com\/es\/wp-json\/wp\/v2\/users\/1"}],"replies":[{"embeddable":true,"href":"https:\/\/www.fpapaulofreirealmenara.com\/es\/wp-json\/wp\/v2\/comments?post=6742"}],"version-history":[{"count":0,"href":"https:\/\/www.fpapaulofreirealmenara.com\/es\/wp-json\/wp\/v2\/pages\/6742\/revisions"}],"wp:attachment":[{"href":"https:\/\/www.fpapaulofreirealmenara.com\/es\/wp-json\/wp\/v2\/media?parent=6742"}],"curies":[{"name":"wp","href":"https:\/\/api.w.org\/{rel}","templated":true}]}}